{"id":48362,"date":"2024-02-03T06:43:15","date_gmt":"2024-02-03T06:43:15","guid":{"rendered":"https:\/\/alfayazilim.com.tr\/sitecadir\/?page_id=48362"},"modified":"2026-03-12T08:03:56","modified_gmt":"2026-03-12T08:03:56","slug":"diger-uygulamalar","status":"publish","type":"page","link":"https:\/\/www.ardiccadir.com.tr\/index.php\/urunler\/diger-uygulamalar\/","title":{"rendered":"Di\u011fer Uygulamalar"},"content":{"rendered":"\t\t<div data-elementor-type=\"wp-page\" data-elementor-id=\"48362\" class=\"elementor elementor-48362\" data-elementor-post-type=\"page\">\n\t\t\t\t<div class=\"elementor-element elementor-element-b86c9cf e-flex e-con-boxed e-con e-parent\" data-id=\"b86c9cf\" data-element_type=\"container\" data-e-type=\"container\">\n\t\t\t\t\t<div class=\"e-con-inner\">\n\t\t\t\t<div class=\"elementor-element elementor-element-08cd4d0 elementor-widget elementor-widget-gallery\" data-id=\"08cd4d0\" data-element_type=\"widget\" data-e-type=\"widget\" data-settings=\"{&quot;lazyload&quot;:&quot;yes&quot;,&quot;gallery_layout&quot;:&quot;grid&quot;,&quot;columns&quot;:4,&quot;columns_tablet&quot;:2,&quot;columns_mobile&quot;:1,&quot;gap&quot;:{&quot;unit&quot;:&quot;px&quot;,&quot;size&quot;:10,&quot;sizes&quot;:[]},&quot;gap_tablet&quot;:{&quot;unit&quot;:&quot;px&quot;,&quot;size&quot;:10,&quot;sizes&quot;:[]},&quot;gap_mobile&quot;:{&quot;unit&quot;:&quot;px&quot;,&quot;size&quot;:10,&quot;sizes&quot;:[]},&quot;link_to&quot;:&quot;file&quot;,&quot;aspect_ratio&quot;:&quot;3:2&quot;,&quot;overlay_background&quot;:&quot;yes&quot;,&quot;content_hover_animation&quot;:&quot;fade-in&quot;}\" data-widget_type=\"gallery.default\">\n\t\t\t\t<div class=\"elementor-widget-container\">\n\t\t\t\t\t\t\t<div class=\"elementor-gallery__container\">\n\t\t\t\t\t\t\t<a class=\"e-gallery-item elementor-gallery-item elementor-animated-content\" href=\"https:\/\/www.ardiccadir.com.tr\/wp-content\/uploads\/2026\/03\/fabrika-cadiri-e1614253236740-1.jpg\" data-elementor-open-lightbox=\"yes\" data-elementor-lightbox-slideshow=\"08cd4d0\" data-elementor-lightbox-title=\"fabrika-cadiri-e1614253236740 (1)\" data-e-action-hash=\"#elementor-action%3Aaction%3Dlightbox%26settings%3DeyJpZCI6NDg5NjgsInVybCI6Imh0dHBzOlwvXC93d3cuYXJkaWNjYWRpci5jb20udHJcL3dwLWNvbnRlbnRcL3VwbG9hZHNcLzIwMjZcLzAzXC9mYWJyaWthLWNhZGlyaS1lMTYxNDI1MzIzNjc0MC0xLmpwZyIsInNsaWRlc2hvdyI6IjA4Y2Q0ZDAifQ%3D%3D\">\n\t\t\t\t\t<div class=\"e-gallery-image elementor-gallery-item__image\" data-thumbnail=\"https:\/\/www.ardiccadir.com.tr\/wp-content\/uploads\/2026\/03\/fabrika-cadiri-e1614253236740-1.jpg\" data-width=\"1200\" data-height=\"900\" aria-label=\"\" role=\"img\" ><\/div>\n\t\t\t\t\t\t\t\t\t\t\t<div class=\"elementor-gallery-item__overlay\"><\/div>\n\t\t\t\t\t\t\t\t\t\t\t\t\t\t<\/a>\n\t\t\t\t\t\t\t<a class=\"e-gallery-item elementor-gallery-item elementor-animated-content\" href=\"https:\/\/www.ardiccadir.com.tr\/wp-content\/uploads\/2026\/03\/30d16cc2e1858a2adc629cbb5d6eba74-1.jpg\" data-elementor-open-lightbox=\"yes\" data-elementor-lightbox-slideshow=\"08cd4d0\" data-elementor-lightbox-title=\"30d16cc2e1858a2adc629cbb5d6eba74-1\" data-e-action-hash=\"#elementor-action%3Aaction%3Dlightbox%26settings%3DeyJpZCI6NDg5NjksInVybCI6Imh0dHBzOlwvXC93d3cuYXJkaWNjYWRpci5jb20udHJcL3dwLWNvbnRlbnRcL3VwbG9hZHNcLzIwMjZcLzAzXC8zMGQxNmNjMmUxODU4YTJhZGM2MjljYmI1ZDZlYmE3NC0xLmpwZyIsInNsaWRlc2hvdyI6IjA4Y2Q0ZDAifQ%3D%3D\">\n\t\t\t\t\t<div class=\"e-gallery-image elementor-gallery-item__image\" data-thumbnail=\"https:\/\/www.ardiccadir.com.tr\/wp-content\/uploads\/2026\/03\/30d16cc2e1858a2adc629cbb5d6eba74-1.jpg\" data-width=\"1200\" data-height=\"954\" aria-label=\"\" role=\"img\" ><\/div>\n\t\t\t\t\t\t\t\t\t\t\t<div class=\"elementor-gallery-item__overlay\"><\/div>\n\t\t\t\t\t\t\t\t\t\t\t\t\t\t<\/a>\n\t\t\t\t\t\t\t<a class=\"e-gallery-item elementor-gallery-item elementor-animated-content\" href=\"https:\/\/www.ardiccadir.com.tr\/wp-content\/uploads\/2026\/03\/1686dd15abaf5d9b7f34b2d0ecb77902.jpg\" data-elementor-open-lightbox=\"yes\" data-elementor-lightbox-slideshow=\"08cd4d0\" data-elementor-lightbox-title=\"1686dd15abaf5d9b7f34b2d0ecb77902\" data-e-action-hash=\"#elementor-action%3Aaction%3Dlightbox%26settings%3DeyJpZCI6NDg5NzAsInVybCI6Imh0dHBzOlwvXC93d3cuYXJkaWNjYWRpci5jb20udHJcL3dwLWNvbnRlbnRcL3VwbG9hZHNcLzIwMjZcLzAzXC8xNjg2ZGQxNWFiYWY1ZDliN2YzNGIyZDBlY2I3NzkwMi5qcGciLCJzbGlkZXNob3ciOiIwOGNkNGQwIn0%3D\">\n\t\t\t\t\t<div class=\"e-gallery-image elementor-gallery-item__image\" data-thumbnail=\"https:\/\/www.ardiccadir.com.tr\/wp-content\/uploads\/2026\/03\/1686dd15abaf5d9b7f34b2d0ecb77902.jpg\" data-width=\"1200\" data-height=\"1200\" aria-label=\"\" role=\"img\" ><\/div>\n\t\t\t\t\t\t\t\t\t\t\t<div class=\"elementor-gallery-item__overlay\"><\/div>\n\t\t\t\t\t\t\t\t\t\t\t\t\t\t<\/a>\n\t\t\t\t\t\t\t<a class=\"e-gallery-item elementor-gallery-item elementor-animated-content\" href=\"https:\/\/www.ardiccadir.com.tr\/wp-content\/uploads\/2026\/03\/IMG-20240521-WA0038.jpg\" data-elementor-open-lightbox=\"yes\" data-elementor-lightbox-slideshow=\"08cd4d0\" data-elementor-lightbox-title=\"IMG-20240521-WA0038\" data-e-action-hash=\"#elementor-action%3Aaction%3Dlightbox%26settings%3DeyJpZCI6NDg5NzEsInVybCI6Imh0dHBzOlwvXC93d3cuYXJkaWNjYWRpci5jb20udHJcL3dwLWNvbnRlbnRcL3VwbG9hZHNcLzIwMjZcLzAzXC9JTUctMjAyNDA1MjEtV0EwMDM4LmpwZyIsInNsaWRlc2hvdyI6IjA4Y2Q0ZDAifQ%3D%3D\">\n\t\t\t\t\t<div class=\"e-gallery-image elementor-gallery-item__image\" data-thumbnail=\"https:\/\/www.ardiccadir.com.tr\/wp-content\/uploads\/2026\/03\/IMG-20240521-WA0038.jpg\" data-width=\"2040\" data-height=\"1530\" aria-label=\"\" role=\"img\" ><\/div>\n\t\t\t\t\t\t\t\t\t\t\t<div class=\"elementor-gallery-item__overlay\"><\/div>\n\t\t\t\t\t\t\t\t\t\t\t\t\t\t<\/a>\n\t\t\t\t\t\t\t<a class=\"e-gallery-item elementor-gallery-item elementor-animated-content\" href=\"https:\/\/www.ardiccadir.com.tr\/wp-content\/uploads\/2026\/03\/barinma-cadirlari-04.JPG-scaled-1.webp\" data-elementor-open-lightbox=\"yes\" data-elementor-lightbox-slideshow=\"08cd4d0\" data-elementor-lightbox-title=\"barinma-cadirlari-04.JPG-scaled\" data-e-action-hash=\"#elementor-action%3Aaction%3Dlightbox%26settings%3DeyJpZCI6NDg5NzIsInVybCI6Imh0dHBzOlwvXC93d3cuYXJkaWNjYWRpci5jb20udHJcL3dwLWNvbnRlbnRcL3VwbG9hZHNcLzIwMjZcLzAzXC9iYXJpbm1hLWNhZGlybGFyaS0wNC5KUEctc2NhbGVkLTEud2VicCIsInNsaWRlc2hvdyI6IjA4Y2Q0ZDAifQ%3D%3D\">\n\t\t\t\t\t<div class=\"e-gallery-image elementor-gallery-item__image\" data-thumbnail=\"https:\/\/www.ardiccadir.com.tr\/wp-content\/uploads\/2026\/03\/barinma-cadirlari-04.JPG-scaled-1.webp\" data-width=\"2560\" data-height=\"1912\" aria-label=\"\" role=\"img\" ><\/div>\n\t\t\t\t\t\t\t\t\t\t\t<div class=\"elementor-gallery-item__overlay\"><\/div>\n\t\t\t\t\t\t\t\t\t\t\t\t\t\t<\/a>\n\t\t\t\t\t\t\t<a class=\"e-gallery-item elementor-gallery-item elementor-animated-content\" href=\"https:\/\/www.ardiccadir.com.tr\/wp-content\/uploads\/2026\/03\/alan-kapatma-sistemleri-11.jpg\" data-elementor-open-lightbox=\"yes\" data-elementor-lightbox-slideshow=\"08cd4d0\" data-elementor-lightbox-title=\"alan-kapatma-sistemleri-11\" data-e-action-hash=\"#elementor-action%3Aaction%3Dlightbox%26settings%3DeyJpZCI6NDg5NzMsInVybCI6Imh0dHBzOlwvXC93d3cuYXJkaWNjYWRpci5jb20udHJcL3dwLWNvbnRlbnRcL3VwbG9hZHNcLzIwMjZcLzAzXC9hbGFuLWthcGF0bWEtc2lzdGVtbGVyaS0xMS5qcGciLCJzbGlkZXNob3ciOiIwOGNkNGQwIn0%3D\">\n\t\t\t\t\t<div class=\"e-gallery-image elementor-gallery-item__image\" data-thumbnail=\"https:\/\/www.ardiccadir.com.tr\/wp-content\/uploads\/2026\/03\/alan-kapatma-sistemleri-11.jpg\" data-width=\"1417\" data-height=\"945\" aria-label=\"\" role=\"img\" ><\/div>\n\t\t\t\t\t\t\t\t\t\t\t<div class=\"elementor-gallery-item__overlay\"><\/div>\n\t\t\t\t\t\t\t\t\t\t\t\t\t\t<\/a>\n\t\t\t\t\t\t\t<a class=\"e-gallery-item elementor-gallery-item elementor-animated-content\" href=\"https:\/\/www.ardiccadir.com.tr\/wp-content\/uploads\/2026\/03\/uygulamalar_1647600336_808736.jpg\" data-elementor-open-lightbox=\"yes\" data-elementor-lightbox-slideshow=\"08cd4d0\" data-elementor-lightbox-title=\"uygulamalar_1647600336_808736\" data-e-action-hash=\"#elementor-action%3Aaction%3Dlightbox%26settings%3DeyJpZCI6NDg5NzQsInVybCI6Imh0dHBzOlwvXC93d3cuYXJkaWNjYWRpci5jb20udHJcL3dwLWNvbnRlbnRcL3VwbG9hZHNcLzIwMjZcLzAzXC91eWd1bGFtYWxhcl8xNjQ3NjAwMzM2XzgwODczNi5qcGciLCJzbGlkZXNob3ciOiIwOGNkNGQwIn0%3D\">\n\t\t\t\t\t<div class=\"e-gallery-image elementor-gallery-item__image\" data-thumbnail=\"https:\/\/www.ardiccadir.com.tr\/wp-content\/uploads\/2026\/03\/uygulamalar_1647600336_808736.jpg\" data-width=\"1600\" data-height=\"900\" aria-label=\"\" role=\"img\" ><\/div>\n\t\t\t\t\t\t\t\t\t\t\t<div class=\"elementor-gallery-item__overlay\"><\/div>\n\t\t\t\t\t\t\t\t\t\t\t\t\t\t<\/a>\n\t\t\t\t\t\t\t<a class=\"e-gallery-item elementor-gallery-item elementor-animated-content\" href=\"https:\/\/www.ardiccadir.com.tr\/wp-content\/uploads\/2026\/03\/koruklu-tente-1.jpg\" data-elementor-open-lightbox=\"yes\" data-elementor-lightbox-slideshow=\"08cd4d0\" data-elementor-lightbox-title=\"koruklu-tente\" data-e-action-hash=\"#elementor-action%3Aaction%3Dlightbox%26settings%3DeyJpZCI6NDg5NzUsInVybCI6Imh0dHBzOlwvXC93d3cuYXJkaWNjYWRpci5jb20udHJcL3dwLWNvbnRlbnRcL3VwbG9hZHNcLzIwMjZcLzAzXC9rb3J1a2x1LXRlbnRlLTEuanBnIiwic2xpZGVzaG93IjoiMDhjZDRkMCJ9\">\n\t\t\t\t\t<div class=\"e-gallery-image elementor-gallery-item__image\" data-thumbnail=\"https:\/\/www.ardiccadir.com.tr\/wp-content\/uploads\/2026\/03\/koruklu-tente-1.jpg\" data-width=\"1000\" data-height=\"800\" aria-label=\"\" role=\"img\" ><\/div>\n\t\t\t\t\t\t\t\t\t\t\t<div class=\"elementor-gallery-item__overlay\"><\/div>\n\t\t\t\t\t\t\t\t\t\t\t\t\t\t<\/a>\n\t\t\t\t\t\t\t<a class=\"e-gallery-item elementor-gallery-item elementor-animated-content\" href=\"https:\/\/www.ardiccadir.com.tr\/wp-content\/uploads\/2026\/03\/ca31911-r-1.jpg\" data-elementor-open-lightbox=\"yes\" data-elementor-lightbox-slideshow=\"08cd4d0\" data-elementor-lightbox-title=\"ca31911-r\" data-e-action-hash=\"#elementor-action%3Aaction%3Dlightbox%26settings%3DeyJpZCI6NDg5NzcsInVybCI6Imh0dHBzOlwvXC93d3cuYXJkaWNjYWRpci5jb20udHJcL3dwLWNvbnRlbnRcL3VwbG9hZHNcLzIwMjZcLzAzXC9jYTMxOTExLXItMS5qcGciLCJzbGlkZXNob3ciOiIwOGNkNGQwIn0%3D\">\n\t\t\t\t\t<div class=\"e-gallery-image elementor-gallery-item__image\" data-thumbnail=\"https:\/\/www.ardiccadir.com.tr\/wp-content\/uploads\/2026\/03\/ca31911-r-1.jpg\" data-width=\"800\" data-height=\"1200\" aria-label=\"\" role=\"img\" ><\/div>\n\t\t\t\t\t\t\t\t\t\t\t<div class=\"elementor-gallery-item__overlay\"><\/div>\n\t\t\t\t\t\t\t\t\t\t\t\t\t\t<\/a>\n\t\t\t\t\t\t\t<a class=\"e-gallery-item elementor-gallery-item elementor-animated-content\" href=\"https:\/\/www.ardiccadir.com.tr\/wp-content\/uploads\/2026\/03\/55fb444466e9d55ca21bb15fded7b0d3-1.jpg\" data-elementor-open-lightbox=\"yes\" data-elementor-lightbox-slideshow=\"08cd4d0\" data-elementor-lightbox-title=\"55fb444466e9d55ca21bb15fded7b0d3\" data-e-action-hash=\"#elementor-action%3Aaction%3Dlightbox%26settings%3DeyJpZCI6NDg5NzgsInVybCI6Imh0dHBzOlwvXC93d3cuYXJkaWNjYWRpci5jb20udHJcL3dwLWNvbnRlbnRcL3VwbG9hZHNcLzIwMjZcLzAzXC81NWZiNDQ0NDY2ZTlkNTVjYTIxYmIxNWZkZWQ3YjBkMy0xLmpwZyIsInNsaWRlc2hvdyI6IjA4Y2Q0ZDAifQ%3D%3D\">\n\t\t\t\t\t<div class=\"e-gallery-image elementor-gallery-item__image\" data-thumbnail=\"https:\/\/www.ardiccadir.com.tr\/wp-content\/uploads\/2026\/03\/55fb444466e9d55ca21bb15fded7b0d3-1.jpg\" data-width=\"1704\" data-height=\"1136\" aria-label=\"\" role=\"img\" ><\/div>\n\t\t\t\t\t\t\t\t\t\t\t<div class=\"elementor-gallery-item__overlay\"><\/div>\n\t\t\t\t\t\t\t\t\t\t\t\t\t\t<\/a>\n\t\t\t\t\t\t\t<a class=\"e-gallery-item elementor-gallery-item elementor-animated-content\" href=\"https:\/\/www.ardiccadir.com.tr\/wp-content\/uploads\/2026\/03\/kapali-tenis-kortu-yapimi-stilspor-2-1.jpg\" data-elementor-open-lightbox=\"yes\" data-elementor-lightbox-slideshow=\"08cd4d0\" data-elementor-lightbox-title=\"kapali-tenis-kortu-yapimi-stilspor-2\" data-e-action-hash=\"#elementor-action%3Aaction%3Dlightbox%26settings%3DeyJpZCI6NDg5NzksInVybCI6Imh0dHBzOlwvXC93d3cuYXJkaWNjYWRpci5jb20udHJcL3dwLWNvbnRlbnRcL3VwbG9hZHNcLzIwMjZcLzAzXC9rYXBhbGktdGVuaXMta29ydHUteWFwaW1pLXN0aWxzcG9yLTItMS5qcGciLCJzbGlkZXNob3ciOiIwOGNkNGQwIn0%3D\">\n\t\t\t\t\t<div class=\"e-gallery-image elementor-gallery-item__image\" data-thumbnail=\"https:\/\/www.ardiccadir.com.tr\/wp-content\/uploads\/2026\/03\/kapali-tenis-kortu-yapimi-stilspor-2-1.jpg\" data-width=\"1600\" data-height=\"1200\" aria-label=\"\" role=\"img\" ><\/div>\n\t\t\t\t\t\t\t\t\t\t\t<div class=\"elementor-gallery-item__overlay\"><\/div>\n\t\t\t\t\t\t\t\t\t\t\t\t\t\t<\/a>\n\t\t\t\t\t\t\t<a class=\"e-gallery-item elementor-gallery-item elementor-animated-content\" href=\"https:\/\/www.ardiccadir.com.tr\/wp-content\/uploads\/2026\/03\/42839-1.jpeg\" data-elementor-open-lightbox=\"yes\" data-elementor-lightbox-slideshow=\"08cd4d0\" data-elementor-lightbox-title=\"42839\" data-e-action-hash=\"#elementor-action%3Aaction%3Dlightbox%26settings%3DeyJpZCI6NDg5ODAsInVybCI6Imh0dHBzOlwvXC93d3cuYXJkaWNjYWRpci5jb20udHJcL3dwLWNvbnRlbnRcL3VwbG9hZHNcLzIwMjZcLzAzXC80MjgzOS0xLmpwZWciLCJzbGlkZXNob3ciOiIwOGNkNGQwIn0%3D\">\n\t\t\t\t\t<div class=\"e-gallery-image elementor-gallery-item__image\" data-thumbnail=\"https:\/\/www.ardiccadir.com.tr\/wp-content\/uploads\/2026\/03\/42839-1.jpeg\" data-width=\"1920\" data-height=\"1080\" aria-label=\"\" role=\"img\" ><\/div>\n\t\t\t\t\t\t\t\t\t\t\t<div class=\"elementor-gallery-item__overlay\"><\/div>\n\t\t\t\t\t\t\t\t\t\t\t\t\t\t<\/a>\n\t\t\t\t\t\t\t<a class=\"e-gallery-item elementor-gallery-item elementor-animated-content\" href=\"https:\/\/www.ardiccadir.com.tr\/wp-content\/uploads\/2026\/03\/santiye-cadiri-e1614252917638-1.jpg\" data-elementor-open-lightbox=\"yes\" data-elementor-lightbox-slideshow=\"08cd4d0\" data-elementor-lightbox-title=\"santiye-cadiri-e1614252917638\" data-e-action-hash=\"#elementor-action%3Aaction%3Dlightbox%26settings%3DeyJpZCI6NDg5ODEsInVybCI6Imh0dHBzOlwvXC93d3cuYXJkaWNjYWRpci5jb20udHJcL3dwLWNvbnRlbnRcL3VwbG9hZHNcLzIwMjZcLzAzXC9zYW50aXllLWNhZGlyaS1lMTYxNDI1MjkxNzYzOC0xLmpwZyIsInNsaWRlc2hvdyI6IjA4Y2Q0ZDAifQ%3D%3D\">\n\t\t\t\t\t<div class=\"e-gallery-image elementor-gallery-item__image\" data-thumbnail=\"https:\/\/www.ardiccadir.com.tr\/wp-content\/uploads\/2026\/03\/santiye-cadiri-e1614252917638-1.jpg\" data-width=\"1200\" data-height=\"960\" aria-label=\"\" role=\"img\" ><\/div>\n\t\t\t\t\t\t\t\t\t\t\t<div class=\"elementor-gallery-item__overlay\"><\/div>\n\t\t\t\t\t\t\t\t\t\t\t\t\t\t<\/a>\n\t\t\t\t\t\t\t<a class=\"e-gallery-item elementor-gallery-item elementor-animated-content\" href=\"https:\/\/www.ardiccadir.com.tr\/wp-content\/uploads\/2026\/03\/depolama-cadirlari-1.jpg\" data-elementor-open-lightbox=\"yes\" data-elementor-lightbox-slideshow=\"08cd4d0\" data-elementor-lightbox-title=\"depolama-cadirlari\" data-e-action-hash=\"#elementor-action%3Aaction%3Dlightbox%26settings%3DeyJpZCI6NDg5ODMsInVybCI6Imh0dHBzOlwvXC93d3cuYXJkaWNjYWRpci5jb20udHJcL3dwLWNvbnRlbnRcL3VwbG9hZHNcLzIwMjZcLzAzXC9kZXBvbGFtYS1jYWRpcmxhcmktMS5qcGciLCJzbGlkZXNob3ciOiIwOGNkNGQwIn0%3D\">\n\t\t\t\t\t<div class=\"e-gallery-image elementor-gallery-item__image\" data-thumbnail=\"https:\/\/www.ardiccadir.com.tr\/wp-content\/uploads\/2026\/03\/depolama-cadirlari-1.jpg\" data-width=\"1194\" data-height=\"896\" aria-label=\"\" role=\"img\" ><\/div>\n\t\t\t\t\t\t\t\t\t\t\t<div class=\"elementor-gallery-item__overlay\"><\/div>\n\t\t\t\t\t\t\t\t\t\t\t\t\t\t<\/a>\n\t\t\t\t\t\t\t<a class=\"e-gallery-item elementor-gallery-item elementor-animated-content\" href=\"https:\/\/www.ardiccadir.com.tr\/wp-content\/uploads\/2026\/03\/Outdoor-Long-Life-Structure-Industrial-Storage-Tent-Winter-Tent-for-Workshop-1.avif\" data-elementor-open-lightbox=\"yes\" data-elementor-lightbox-slideshow=\"08cd4d0\" data-elementor-lightbox-title=\"Outdoor-Long-Life-Structure-Industrial-Storage-Tent-Winter-Tent--for-Workshop\" data-e-action-hash=\"#elementor-action%3Aaction%3Dlightbox%26settings%3DeyJpZCI6NDg5ODQsInVybCI6Imh0dHBzOlwvXC93d3cuYXJkaWNjYWRpci5jb20udHJcL3dwLWNvbnRlbnRcL3VwbG9hZHNcLzIwMjZcLzAzXC9PdXRkb29yLUxvbmctTGlmZS1TdHJ1Y3R1cmUtSW5kdXN0cmlhbC1TdG9yYWdlLVRlbnQtV2ludGVyLVRlbnQtZm9yLVdvcmtzaG9wLTEuYXZpZiIsInNsaWRlc2hvdyI6IjA4Y2Q0ZDAifQ%3D%3D\">\n\t\t\t\t\t<div class=\"e-gallery-image elementor-gallery-item__image\" data-thumbnail=\"https:\/\/www.ardiccadir.com.tr\/wp-content\/uploads\/2026\/03\/Outdoor-Long-Life-Structure-Industrial-Storage-Tent-Winter-Tent-for-Workshop-1.avif\" data-width=\"1000\" data-height=\"1000\" aria-label=\"\" role=\"img\" ><\/div>\n\t\t\t\t\t\t\t\t\t\t\t<div class=\"elementor-gallery-item__overlay\"><\/div>\n\t\t\t\t\t\t\t\t\t\t\t\t\t\t<\/a>\n\t\t\t\t\t\t\t<a class=\"e-gallery-item elementor-gallery-item elementor-animated-content\" href=\"https:\/\/www.ardiccadir.com.tr\/wp-content\/uploads\/2026\/03\/3_fda1269f-d18d-445b-9721-acfef5733f0f_1100x-1-1.webp\" data-elementor-open-lightbox=\"yes\" data-elementor-lightbox-slideshow=\"08cd4d0\" data-elementor-lightbox-title=\"3_fda1269f-d18d-445b-9721-acfef5733f0f_1100x-1\" data-e-action-hash=\"#elementor-action%3Aaction%3Dlightbox%26settings%3DeyJpZCI6NDg5ODUsInVybCI6Imh0dHBzOlwvXC93d3cuYXJkaWNjYWRpci5jb20udHJcL3dwLWNvbnRlbnRcL3VwbG9hZHNcLzIwMjZcLzAzXC8zX2ZkYTEyNjlmLWQxOGQtNDQ1Yi05NzIxLWFjZmVmNTczM2YwZl8xMTAweC0xLTEud2VicCIsInNsaWRlc2hvdyI6IjA4Y2Q0ZDAifQ%3D%3D\">\n\t\t\t\t\t<div class=\"e-gallery-image elementor-gallery-item__image\" data-thumbnail=\"https:\/\/www.ardiccadir.com.tr\/wp-content\/uploads\/2026\/03\/3_fda1269f-d18d-445b-9721-acfef5733f0f_1100x-1-1.webp\" data-width=\"1100\" data-height=\"1100\" aria-label=\"\" role=\"img\" ><\/div>\n\t\t\t\t\t\t\t\t\t\t\t<div class=\"elementor-gallery-item__overlay\"><\/div>\n\t\t\t\t\t\t\t\t\t\t\t\t\t\t<\/a>\n\t\t\t\t\t\t\t<a class=\"e-gallery-item elementor-gallery-item elementor-animated-content\" href=\"https:\/\/www.ardiccadir.com.tr\/wp-content\/uploads\/2026\/03\/dana-kurbanlik-kesim-cadiri-1.jpg\" data-elementor-open-lightbox=\"yes\" data-elementor-lightbox-slideshow=\"08cd4d0\" data-elementor-lightbox-title=\"dana-kurbanlik-kesim-cadiri\" data-e-action-hash=\"#elementor-action%3Aaction%3Dlightbox%26settings%3DeyJpZCI6NDg5ODYsInVybCI6Imh0dHBzOlwvXC93d3cuYXJkaWNjYWRpci5jb20udHJcL3dwLWNvbnRlbnRcL3VwbG9hZHNcLzIwMjZcLzAzXC9kYW5hLWt1cmJhbmxpay1rZXNpbS1jYWRpcmktMS5qcGciLCJzbGlkZXNob3ciOiIwOGNkNGQwIn0%3D\">\n\t\t\t\t\t<div class=\"e-gallery-image elementor-gallery-item__image\" data-thumbnail=\"https:\/\/www.ardiccadir.com.tr\/wp-content\/uploads\/2026\/03\/dana-kurbanlik-kesim-cadiri-1.jpg\" data-width=\"1194\" data-height=\"896\" aria-label=\"\" role=\"img\" ><\/div>\n\t\t\t\t\t\t\t\t\t\t\t<div class=\"elementor-gallery-item__overlay\"><\/div>\n\t\t\t\t\t\t\t\t\t\t\t\t\t\t<\/a>\n\t\t\t\t\t\t\t<a class=\"e-gallery-item elementor-gallery-item elementor-animated-content\" href=\"https:\/\/www.ardiccadir.com.tr\/wp-content\/uploads\/2026\/03\/17702-1-1.jpg\" data-elementor-open-lightbox=\"yes\" data-elementor-lightbox-slideshow=\"08cd4d0\" data-elementor-lightbox-title=\"17702-1\" data-e-action-hash=\"#elementor-action%3Aaction%3Dlightbox%26settings%3DeyJpZCI6NDg5ODcsInVybCI6Imh0dHBzOlwvXC93d3cuYXJkaWNjYWRpci5jb20udHJcL3dwLWNvbnRlbnRcL3VwbG9hZHNcLzIwMjZcLzAzXC8xNzcwMi0xLTEuanBnIiwic2xpZGVzaG93IjoiMDhjZDRkMCJ9\">\n\t\t\t\t\t<div class=\"e-gallery-image elementor-gallery-item__image\" data-thumbnail=\"https:\/\/www.ardiccadir.com.tr\/wp-content\/uploads\/2026\/03\/17702-1-1.jpg\" data-width=\"1920\" data-height=\"1280\" aria-label=\"\" role=\"img\" ><\/div>\n\t\t\t\t\t\t\t\t\t\t\t<div class=\"elementor-gallery-item__overlay\"><\/div>\n\t\t\t\t\t\t\t\t\t\t\t\t\t\t<\/a>\n\t\t\t\t\t\t\t<a class=\"e-gallery-item elementor-gallery-item elementor-animated-content\" href=\"https:\/\/www.ardiccadir.com.tr\/wp-content\/uploads\/2026\/03\/H1d12501782d44f70bbd045c2615c8dffi-2.avif\" data-elementor-open-lightbox=\"yes\" data-elementor-lightbox-slideshow=\"08cd4d0\" data-elementor-lightbox-title=\"H1d12501782d44f70bbd045c2615c8dffi\" data-e-action-hash=\"#elementor-action%3Aaction%3Dlightbox%26settings%3DeyJpZCI6NDg5ODgsInVybCI6Imh0dHBzOlwvXC93d3cuYXJkaWNjYWRpci5jb20udHJcL3dwLWNvbnRlbnRcL3VwbG9hZHNcLzIwMjZcLzAzXC9IMWQxMjUwMTc4MmQ0NGY3MGJiZDA0NWMyNjE1YzhkZmZpLTIuYXZpZiIsInNsaWRlc2hvdyI6IjA4Y2Q0ZDAifQ%3D%3D\">\n\t\t\t\t\t<div class=\"e-gallery-image elementor-gallery-item__image\" data-thumbnail=\"https:\/\/www.ardiccadir.com.tr\/wp-content\/uploads\/2026\/03\/H1d12501782d44f70bbd045c2615c8dffi-2.avif\" data-width=\"1400\" data-height=\"1050\" aria-label=\"\" role=\"img\" ><\/div>\n\t\t\t\t\t\t\t\t\t\t\t<div class=\"elementor-gallery-item__overlay\"><\/div>\n\t\t\t\t\t\t\t\t\t\t\t\t\t\t<\/a>\n\t\t\t\t\t<\/div>\n\t\t\t\t\t<\/div>\n\t\t\t\t<\/div>\n\t\t\t\t\t<\/div>\n\t\t\t\t<\/div>\n\t\t<div class=\"elementor-element elementor-element-a2244a8 e-flex e-con-boxed e-con e-parent\" data-id=\"a2244a8\" data-element_type=\"container\" data-e-type=\"container\">\n\t\t\t\t\t<div class=\"e-con-inner\">\n\t\t\t\t<div class=\"elementor-element elementor-element-91316c3 elementor-widget elementor-widget-text-editor\" data-id=\"91316c3\" data-element_type=\"widget\" data-e-type=\"widget\" data-widget_type=\"text-editor.default\">\n\t\t\t\t<div class=\"elementor-widget-container\">\n\t\t\t\t\t\t\t\t\t<p>\u00c7ad\u0131r uygulamalar\u0131, \u00e7e\u015fitli ama\u00e7lar i\u00e7in kullan\u0131lan ta\u015f\u0131nabilir, hafif ve ge\u00e7ici yap\u0131lar\u0131 ifade eder. \u00c7ad\u0131rlar, farkl\u0131 ihtiya\u00e7lara ve kullan\u0131m senaryolar\u0131na g\u00f6re tasarlanabilir. \u0130\u015fte \u00e7ad\u0131r uygulamalar\u0131na ili\u015fkin genel bilgiler:<\/p><p><strong>Kamp \u00c7ad\u0131rlar\u0131:<\/strong><\/p><ul><li style=\"list-style-type: none;\"><ul><li>Do\u011fa gezileri, kamp\u00e7\u0131l\u0131k ve a\u00e7\u0131k hava etkinlikleri i\u00e7in kullan\u0131l\u0131r.<\/li><li>Ta\u015f\u0131nabilir, hafif ve h\u0131zl\u0131 kurulabilen modelleri mevcuttur.<\/li><li>Su ge\u00e7irmez, r\u00fczgar dayan\u0131kl\u0131 ve nefes alabilir \u00f6zelliklere sahiptir.<\/li><li>Kamp \u00e7ad\u0131rlar\u0131, genellikle birka\u00e7 ki\u015finin konaklamas\u0131 i\u00e7in tasarlanm\u0131\u015ft\u0131r.<\/li><\/ul><\/li><\/ul><p><strong>Depo \u00c7ad\u0131rlar\u0131:<\/strong><\/p><ul><li style=\"list-style-type: none;\"><ul><li>\u0130n\u015faat projeleri, ticaret fuarlar\u0131 ve depolama ihtiya\u00e7lar\u0131 i\u00e7in kullan\u0131l\u0131r.<\/li><li>Genellikle mod\u00fcler ve ta\u015f\u0131nabilir \u00f6zelliklere sahiptir.<\/li><li>Hava ko\u015fullar\u0131na dayan\u0131kl\u0131 malzemelerle yap\u0131lm\u0131\u015ft\u0131r.<\/li><li>Farkl\u0131 b\u00fcy\u00fckl\u00fck ve konfig\u00fcrasyonlarda mevcut olan depo \u00e7ad\u0131rlar\u0131, malzemelerin ge\u00e7ici depolanmas\u0131 i\u00e7in kullan\u0131l\u0131r.<\/li><\/ul><\/li><\/ul><p><strong>\u015eantiye \u00c7ad\u0131rlar\u0131:<\/strong><\/p><ul><li style=\"list-style-type: none;\"><ul><li>\u0130n\u015faat sahalar\u0131nda, \u015fantiyelerde veya di\u011fer ge\u00e7ici \u00e7al\u0131\u015fma alanlar\u0131nda kullan\u0131l\u0131r.<\/li><li>\u0130\u015f\u00e7ilerin konaklamas\u0131, ofis alanlar\u0131, yemekhane ve toplant\u0131 alanlar\u0131 sa\u011flar.<\/li><li>Mod\u00fcler tasar\u0131m, dayan\u0131kl\u0131 malzemeler ve hava ko\u015fullar\u0131na uygun \u00f6zelliklere sahiptir.<\/li><\/ul><\/li><\/ul><p><strong>Spor Salonu \u00c7ad\u0131rlar\u0131:<\/strong><\/p><ul><li style=\"list-style-type: none;\"><ul><li>A\u00e7\u0131k hava spor etkinliklerini k\u0131\u015f aylar\u0131nda veya ya\u011f\u0131\u015fl\u0131 hava ko\u015fullar\u0131nda s\u00fcrd\u00fcrmek i\u00e7in kullan\u0131l\u0131r.<\/li><li>Tenis kortu \u00e7ad\u0131rlar\u0131, golf antrenman alanlar\u0131 gibi \u00f6zel uygulamalar da mevcuttur.<\/li><li>Genellikle geni\u015f i\u00e7 alan ve iklim kontrol\u00fc sa\u011flar.<\/li><\/ul><\/li><\/ul><p><strong>G\u00fcne\u015flik Tente \u00c7ad\u0131rlar\u0131:<\/strong><\/p><ul><li style=\"list-style-type: none;\"><ul><li>A\u00e7\u0131k hava mekanlar\u0131nda g\u00f6lge sa\u011flamak, g\u00fcne\u015fin zararl\u0131 etkilerinden korunmak amac\u0131yla kullan\u0131l\u0131r.<\/li><li>Plaj \u015femsiyeleri, bah\u00e7e tenteleri ve ticari alanlarda estetik bir \u00e7\u00f6z\u00fcm sunar.<\/li><li>Genellikle ta\u015f\u0131nabilir ve h\u0131zl\u0131 kurulabilen modeller mevcuttur.<\/li><\/ul><\/li><\/ul><p><strong>Manej \u00c7ad\u0131rlar\u0131:<\/strong><\/p><ul><li style=\"list-style-type: none;\"><ul><li>At e\u011fitim tesislerinde kullan\u0131lan \u00e7ad\u0131rlard\u0131r.<\/li><li>Atlar\u0131n ya\u011f\u0131\u015fl\u0131 hava ko\u015fullar\u0131ndan etkilenmeden e\u011fitim almalar\u0131n\u0131 sa\u011flamak amac\u0131yla tasarlan\u0131r.<\/li><li>Genellikle geni\u015f i\u00e7 alan ve g\u00fcvenlik \u00f6zelliklerine sahiptir.<\/li><\/ul><\/li><\/ul><p><strong>Deprem \u00c7ad\u0131rlar\u0131:<\/strong><\/p><ul><li style=\"list-style-type: none;\"><ul><li>Acil durum m\u00fcdahalelerinde, deprem sonras\u0131 bar\u0131nma ihtiya\u00e7lar\u0131n\u0131 kar\u015f\u0131lamak amac\u0131yla kullan\u0131l\u0131r.<\/li><li>H\u0131zl\u0131 kurulum, dayan\u0131kl\u0131l\u0131k ve ta\u015f\u0131nabilirlik \u00f6zelliklerine sahiptir.<\/li><\/ul><\/li><\/ul><p>\u00c7ad\u0131r uygulamalar\u0131 geni\u015f bir yelpazede kullan\u0131m alanlar\u0131na sahip olup, ta\u015f\u0131nabilirlik, h\u0131zl\u0131 kurulum ve ge\u00e7ici ihtiya\u00e7lara uygunluk gibi avantajlar\u0131 nedeniyle bir\u00e7ok sekt\u00f6rde tercih edilmektedir.<\/p>\t\t\t\t\t\t\t\t<\/div>\n\t\t\t\t<\/div>\n\t\t\t\t\t<\/div>\n\t\t\t\t<\/div>\n\t\t\t\t<\/div>\n\t\t","protected":false},"excerpt":{"rendered":"<p>\u00c7ad\u0131r uygulamalar\u0131, \u00e7e\u015fitli ama\u00e7lar i\u00e7in kullan\u0131lan ta\u015f\u0131nabilir, hafif ve ge\u00e7ici yap\u0131lar\u0131 ifade eder. \u00c7ad\u0131rlar, farkl\u0131 ihtiya\u00e7lara ve kullan\u0131m senaryolar\u0131na g\u00f6re&#8230;<\/p>\n","protected":false},"author":1,"featured_media":0,"parent":48340,"menu_order":0,"comment_status":"closed","ping_status":"closed","template":"","meta":{"footnotes":""},"class_list":["post-48362","page","type-page","status-publish","hentry"],"_links":{"self":[{"href":"https:\/\/www.ardiccadir.com.tr\/index.php\/wp-json\/wp\/v2\/pages\/48362","targetHints":{"allow":["GET"]}}],"collection":[{"href":"https:\/\/www.ardiccadir.com.tr\/index.php\/wp-json\/wp\/v2\/pages"}],"about":[{"href":"https:\/\/www.ardiccadir.com.tr\/index.php\/wp-json\/wp\/v2\/types\/page"}],"author":[{"embeddable":true,"href":"https:\/\/www.ardiccadir.com.tr\/index.php\/wp-json\/wp\/v2\/users\/1"}],"replies":[{"embeddable":true,"href":"https:\/\/www.ardiccadir.com.tr\/index.php\/wp-json\/wp\/v2\/comments?post=48362"}],"version-history":[{"count":13,"href":"https:\/\/www.ardiccadir.com.tr\/index.php\/wp-json\/wp\/v2\/pages\/48362\/revisions"}],"predecessor-version":[{"id":48991,"href":"https:\/\/www.ardiccadir.com.tr\/index.php\/wp-json\/wp\/v2\/pages\/48362\/revisions\/48991"}],"up":[{"embeddable":true,"href":"https:\/\/www.ardiccadir.com.tr\/index.php\/wp-json\/wp\/v2\/pages\/48340"}],"wp:attachment":[{"href":"https:\/\/www.ardiccadir.com.tr\/index.php\/wp-json\/wp\/v2\/media?parent=48362"}],"curies":[{"name":"wp","href":"https:\/\/api.w.org\/{rel}","templated":true}]}}