{"id":48344,"date":"2024-02-03T06:40:33","date_gmt":"2024-02-03T06:40:33","guid":{"rendered":"https:\/\/alfayazilim.com.tr\/sitecadir\/?page_id=48344"},"modified":"2026-03-12T07:36:13","modified_gmt":"2026-03-12T07:36:13","slug":"yasam-cadiri-barinma-deprem-cadirlari","status":"publish","type":"page","link":"https:\/\/www.ardiccadir.com.tr\/index.php\/urunler\/yasam-cadiri-barinma-deprem-cadirlari\/","title":{"rendered":"Ya\u015fam \u00c7ad\u0131r\u0131 ( Bar\u0131nma &#038; Deprem \u00c7ad\u0131rlar\u0131 )"},"content":{"rendered":"\t\t<div data-elementor-type=\"wp-page\" data-elementor-id=\"48344\" class=\"elementor elementor-48344\" data-elementor-post-type=\"page\">\n\t\t\t\t<div class=\"elementor-element elementor-element-9d45dc1 e-flex e-con-boxed e-con e-parent\" data-id=\"9d45dc1\" data-element_type=\"container\" data-e-type=\"container\">\n\t\t\t\t\t<div class=\"e-con-inner\">\n\t\t\t\t<div class=\"elementor-element elementor-element-ff1bd12 elementor-widget elementor-widget-gallery\" data-id=\"ff1bd12\" data-element_type=\"widget\" data-e-type=\"widget\" data-settings=\"{&quot;columns&quot;:3,&quot;lazyload&quot;:&quot;yes&quot;,&quot;gallery_layout&quot;:&quot;grid&quot;,&quot;columns_tablet&quot;:2,&quot;columns_mobile&quot;:1,&quot;gap&quot;:{&quot;unit&quot;:&quot;px&quot;,&quot;size&quot;:10,&quot;sizes&quot;:[]},&quot;gap_tablet&quot;:{&quot;unit&quot;:&quot;px&quot;,&quot;size&quot;:10,&quot;sizes&quot;:[]},&quot;gap_mobile&quot;:{&quot;unit&quot;:&quot;px&quot;,&quot;size&quot;:10,&quot;sizes&quot;:[]},&quot;link_to&quot;:&quot;file&quot;,&quot;aspect_ratio&quot;:&quot;3:2&quot;,&quot;overlay_background&quot;:&quot;yes&quot;,&quot;content_hover_animation&quot;:&quot;fade-in&quot;}\" data-widget_type=\"gallery.default\">\n\t\t\t\t<div class=\"elementor-widget-container\">\n\t\t\t\t\t\t\t<div class=\"elementor-gallery__container\">\n\t\t\t\t\t\t\t<a class=\"e-gallery-item elementor-gallery-item elementor-animated-content\" href=\"https:\/\/www.ardiccadir.com.tr\/wp-content\/uploads\/2026\/03\/17702-1.jpg\" data-elementor-open-lightbox=\"yes\" data-elementor-lightbox-slideshow=\"ff1bd12\" data-elementor-lightbox-title=\"17702-1\" data-e-action-hash=\"#elementor-action%3Aaction%3Dlightbox%26settings%3DeyJpZCI6NDg4OTQsInVybCI6Imh0dHBzOlwvXC93d3cuYXJkaWNjYWRpci5jb20udHJcL3dwLWNvbnRlbnRcL3VwbG9hZHNcLzIwMjZcLzAzXC8xNzcwMi0xLmpwZyIsInNsaWRlc2hvdyI6ImZmMWJkMTIifQ%3D%3D\">\n\t\t\t\t\t<div class=\"e-gallery-image elementor-gallery-item__image\" data-thumbnail=\"https:\/\/www.ardiccadir.com.tr\/wp-content\/uploads\/2026\/03\/17702-1.jpg\" data-width=\"1920\" data-height=\"1280\" aria-label=\"\" role=\"img\" ><\/div>\n\t\t\t\t\t\t\t\t\t\t\t<div class=\"elementor-gallery-item__overlay\"><\/div>\n\t\t\t\t\t\t\t\t\t\t\t\t\t\t<\/a>\n\t\t\t\t\t\t\t<a class=\"e-gallery-item elementor-gallery-item elementor-animated-content\" href=\"https:\/\/www.ardiccadir.com.tr\/wp-content\/uploads\/2026\/03\/Haaed1872e2c345898deccbf62b6173c90.avif\" data-elementor-open-lightbox=\"yes\" data-elementor-lightbox-slideshow=\"ff1bd12\" data-elementor-lightbox-title=\"Haaed1872e2c345898deccbf62b6173c90\" data-e-action-hash=\"#elementor-action%3Aaction%3Dlightbox%26settings%3DeyJpZCI6NDg4OTUsInVybCI6Imh0dHBzOlwvXC93d3cuYXJkaWNjYWRpci5jb20udHJcL3dwLWNvbnRlbnRcL3VwbG9hZHNcLzIwMjZcLzAzXC9IYWFlZDE4NzJlMmMzNDU4OThkZWNjYmY2MmI2MTczYzkwLmF2aWYiLCJzbGlkZXNob3ciOiJmZjFiZDEyIn0%3D\">\n\t\t\t\t\t<div class=\"e-gallery-image elementor-gallery-item__image\" data-thumbnail=\"https:\/\/www.ardiccadir.com.tr\/wp-content\/uploads\/2026\/03\/Haaed1872e2c345898deccbf62b6173c90.avif\" data-width=\"2424\" data-height=\"1497\" aria-label=\"\" role=\"img\" ><\/div>\n\t\t\t\t\t\t\t\t\t\t\t<div class=\"elementor-gallery-item__overlay\"><\/div>\n\t\t\t\t\t\t\t\t\t\t\t\t\t\t<\/a>\n\t\t\t\t\t\t\t<a class=\"e-gallery-item elementor-gallery-item elementor-animated-content\" href=\"https:\/\/www.ardiccadir.com.tr\/wp-content\/uploads\/2026\/03\/H1d12501782d44f70bbd045c2615c8dffi.avif\" data-elementor-open-lightbox=\"yes\" data-elementor-lightbox-slideshow=\"ff1bd12\" data-elementor-lightbox-title=\"H1d12501782d44f70bbd045c2615c8dffi\" data-e-action-hash=\"#elementor-action%3Aaction%3Dlightbox%26settings%3DeyJpZCI6NDg4OTYsInVybCI6Imh0dHBzOlwvXC93d3cuYXJkaWNjYWRpci5jb20udHJcL3dwLWNvbnRlbnRcL3VwbG9hZHNcLzIwMjZcLzAzXC9IMWQxMjUwMTc4MmQ0NGY3MGJiZDA0NWMyNjE1YzhkZmZpLmF2aWYiLCJzbGlkZXNob3ciOiJmZjFiZDEyIn0%3D\">\n\t\t\t\t\t<div class=\"e-gallery-image elementor-gallery-item__image\" data-thumbnail=\"https:\/\/www.ardiccadir.com.tr\/wp-content\/uploads\/2026\/03\/H1d12501782d44f70bbd045c2615c8dffi.avif\" data-width=\"1400\" data-height=\"1050\" aria-label=\"\" role=\"img\" ><\/div>\n\t\t\t\t\t\t\t\t\t\t\t<div class=\"elementor-gallery-item__overlay\"><\/div>\n\t\t\t\t\t\t\t\t\t\t\t\t\t\t<\/a>\n\t\t\t\t\t\t\t<a class=\"e-gallery-item elementor-gallery-item elementor-animated-content\" href=\"https:\/\/www.ardiccadir.com.tr\/wp-content\/uploads\/2026\/03\/hayvan-cadirlari-01-scaled-1.jpg\" data-elementor-open-lightbox=\"yes\" data-elementor-lightbox-slideshow=\"ff1bd12\" data-elementor-lightbox-title=\"hayvan-cadirlari-01-scaled-1\" data-e-action-hash=\"#elementor-action%3Aaction%3Dlightbox%26settings%3DeyJpZCI6NDg4OTcsInVybCI6Imh0dHBzOlwvXC93d3cuYXJkaWNjYWRpci5jb20udHJcL3dwLWNvbnRlbnRcL3VwbG9hZHNcLzIwMjZcLzAzXC9oYXl2YW4tY2FkaXJsYXJpLTAxLXNjYWxlZC0xLmpwZyIsInNsaWRlc2hvdyI6ImZmMWJkMTIifQ%3D%3D\">\n\t\t\t\t\t<div class=\"e-gallery-image elementor-gallery-item__image\" data-thumbnail=\"https:\/\/www.ardiccadir.com.tr\/wp-content\/uploads\/2026\/03\/hayvan-cadirlari-01-scaled-1.jpg\" data-width=\"2560\" data-height=\"1920\" aria-label=\"\" role=\"img\" ><\/div>\n\t\t\t\t\t\t\t\t\t\t\t<div class=\"elementor-gallery-item__overlay\"><\/div>\n\t\t\t\t\t\t\t\t\t\t\t\t\t\t<\/a>\n\t\t\t\t\t\t\t<a class=\"e-gallery-item elementor-gallery-item elementor-animated-content\" href=\"https:\/\/www.ardiccadir.com.tr\/wp-content\/uploads\/2026\/03\/uygulamalar_1647600178_443086.jpg\" data-elementor-open-lightbox=\"yes\" data-elementor-lightbox-slideshow=\"ff1bd12\" data-elementor-lightbox-title=\"uygulamalar_1647600178_443086\" data-e-action-hash=\"#elementor-action%3Aaction%3Dlightbox%26settings%3DeyJpZCI6NDg4OTksInVybCI6Imh0dHBzOlwvXC93d3cuYXJkaWNjYWRpci5jb20udHJcL3dwLWNvbnRlbnRcL3VwbG9hZHNcLzIwMjZcLzAzXC91eWd1bGFtYWxhcl8xNjQ3NjAwMTc4XzQ0MzA4Ni5qcGciLCJzbGlkZXNob3ciOiJmZjFiZDEyIn0%3D\">\n\t\t\t\t\t<div class=\"e-gallery-image elementor-gallery-item__image\" data-thumbnail=\"https:\/\/www.ardiccadir.com.tr\/wp-content\/uploads\/2026\/03\/uygulamalar_1647600178_443086.jpg\" data-width=\"1600\" data-height=\"1200\" aria-label=\"\" role=\"img\" ><\/div>\n\t\t\t\t\t\t\t\t\t\t\t<div class=\"elementor-gallery-item__overlay\"><\/div>\n\t\t\t\t\t\t\t\t\t\t\t\t\t\t<\/a>\n\t\t\t\t\t\t\t<a class=\"e-gallery-item elementor-gallery-item elementor-animated-content\" href=\"https:\/\/www.ardiccadir.com.tr\/wp-content\/uploads\/2026\/03\/fabrika-cadiri-e1614253236740.jpg\" data-elementor-open-lightbox=\"yes\" data-elementor-lightbox-slideshow=\"ff1bd12\" data-elementor-lightbox-title=\"fabrika-cadiri-e1614253236740\" data-e-action-hash=\"#elementor-action%3Aaction%3Dlightbox%26settings%3DeyJpZCI6NDg5MDAsInVybCI6Imh0dHBzOlwvXC93d3cuYXJkaWNjYWRpci5jb20udHJcL3dwLWNvbnRlbnRcL3VwbG9hZHNcLzIwMjZcLzAzXC9mYWJyaWthLWNhZGlyaS1lMTYxNDI1MzIzNjc0MC5qcGciLCJzbGlkZXNob3ciOiJmZjFiZDEyIn0%3D\">\n\t\t\t\t\t<div class=\"e-gallery-image elementor-gallery-item__image\" data-thumbnail=\"https:\/\/www.ardiccadir.com.tr\/wp-content\/uploads\/2026\/03\/fabrika-cadiri-e1614253236740.jpg\" data-width=\"1200\" data-height=\"900\" aria-label=\"\" role=\"img\" ><\/div>\n\t\t\t\t\t\t\t\t\t\t\t<div class=\"elementor-gallery-item__overlay\"><\/div>\n\t\t\t\t\t\t\t\t\t\t\t\t\t\t<\/a>\n\t\t\t\t\t<\/div>\n\t\t\t\t\t<\/div>\n\t\t\t\t<\/div>\n\t\t\t\t\t<\/div>\n\t\t\t\t<\/div>\n\t\t<div class=\"elementor-element elementor-element-dd15aae e-flex e-con-boxed e-con e-parent\" data-id=\"dd15aae\" data-element_type=\"container\" data-e-type=\"container\">\n\t\t\t\t\t<div class=\"e-con-inner\">\n\t\t\t\t<div class=\"elementor-element elementor-element-1f32633 elementor-widget elementor-widget-text-editor\" data-id=\"1f32633\" data-element_type=\"widget\" data-e-type=\"widget\" data-widget_type=\"text-editor.default\">\n\t\t\t\t<div class=\"elementor-widget-container\">\n\t\t\t\t\t\t\t\t\t<p>&#8220;Ya\u015fam \u00e7ad\u0131r\u0131&#8221; veya &#8220;deprem \u00e7ad\u0131r\u0131,&#8221; genellikle afet durumlar\u0131nda, \u00f6zellikle depremlerde, insanlar\u0131n acil bar\u0131nma ihtiya\u00e7lar\u0131n\u0131 kar\u015f\u0131lamak amac\u0131yla tasarlanm\u0131\u015f \u00f6zel \u00e7ad\u0131r t\u00fcrlerini ifade eder. Bu \u00e7ad\u0131rlar, h\u0131zl\u0131 bir \u015fekilde kurulabilen, ta\u015f\u0131nabilir ve dayan\u0131kl\u0131 yap\u0131lar olarak tasarlan\u0131r.<\/p><p>Deprem \u00e7ad\u0131rlar\u0131 genellikle \u015fu \u00f6zelliklere sahiptir:<\/p><p><strong>H\u0131zl\u0131 Kurulum:<\/strong> Deprem \u00e7ad\u0131rlar\u0131, acil durumlar i\u00e7in h\u0131zl\u0131 bir \u015fekilde kurulabilen tasar\u0131mlara sahiptir. Bu, afetzedelerin acil bir \u015fekilde bar\u0131nma ihtiyac\u0131n\u0131 kar\u015f\u0131lamak i\u00e7in \u00f6nemlidir.<\/p><p><strong>Dayan\u0131kl\u0131l\u0131k:<\/strong> Afet b\u00f6lgelerinde kullan\u0131lacak \u00e7ad\u0131rlar, hava ko\u015fullar\u0131na ve di\u011fer olumsuz \u015fartlara dayanacak \u015fekilde tasarlan\u0131r. Su ge\u00e7irmez, r\u00fczgar dayan\u0131kl\u0131 ve izolasyonlu olabilirler.<\/p><p><strong>Ta\u015f\u0131nabilirlik:<\/strong> Deprem \u00e7ad\u0131rlar\u0131 genellikle hafif malzemelerden yap\u0131l\u0131r ve kolayca ta\u015f\u0131nabilir olacak \u015fekilde tasarlan\u0131r. Bu, afetzedelerin \u00e7ad\u0131rlar\u0131 ihtiya\u00e7 duyduklar\u0131 yere kolayca ta\u015f\u0131malar\u0131n\u0131 sa\u011flar.<\/p><p><strong>Konfor ve Temel \u0130htiya\u00e7lar:<\/strong> Ya\u015fam \u00e7ad\u0131rlar\u0131, temel konfor ihtiya\u00e7lar\u0131n\u0131 kar\u015f\u0131lamak \u00fczere tasarlan\u0131r. Bu i\u00e7erebilir: yataklar, ayd\u0131nlatma, havaland\u0131rma ve bazen temel hijyen tesisleri.<\/p><p><strong>\u00c7e\u015fitli Boyutlar ve Kapasiteler:<\/strong> Deprem \u00e7ad\u0131rlar\u0131, farkl\u0131 boyutlarda ve kapasitelerde mevcut olabilir. B\u00f6ylece, farkl\u0131 ihtiya\u00e7lara ve afet b\u00fcy\u00fckl\u00fcklerine uyum sa\u011flamak m\u00fcmk\u00fcn olur.<\/p><p>Bu t\u00fcr \u00e7ad\u0131rlar, deprem, sel, yang\u0131n gibi acil durumlar\u0131n hemen ard\u0131ndan afetzedelere h\u0131zl\u0131 bir \u015fekilde ge\u00e7ici bar\u0131nma sa\u011flamak amac\u0131yla kullan\u0131l\u0131r. Ayr\u0131ca, bu \u00e7ad\u0131rlar, yard\u0131m kurulu\u015flar\u0131, sivil savunma ve di\u011fer acil durum ekipleri taraf\u0131ndan kullan\u0131larak afetzedelere destek sunmak i\u00e7in da\u011f\u0131t\u0131labilir.<\/p>\t\t\t\t\t\t\t\t<\/div>\n\t\t\t\t<\/div>\n\t\t\t\t\t<\/div>\n\t\t\t\t<\/div>\n\t\t\t\t<\/div>\n\t\t","protected":false},"excerpt":{"rendered":"<p>&#8220;Ya\u015fam \u00e7ad\u0131r\u0131&#8221; veya &#8220;deprem \u00e7ad\u0131r\u0131,&#8221; genellikle afet durumlar\u0131nda, \u00f6zellikle depremlerde, insanlar\u0131n acil bar\u0131nma ihtiya\u00e7lar\u0131n\u0131 kar\u015f\u0131lamak amac\u0131yla tasarlanm\u0131\u015f \u00f6zel \u00e7ad\u0131r t\u00fcrlerini&#8230;<\/p>\n","protected":false},"author":1,"featured_media":0,"parent":48340,"menu_order":0,"comment_status":"closed","ping_status":"closed","template":"","meta":{"footnotes":""},"class_list":["post-48344","page","type-page","status-publish","hentry"],"_links":{"self":[{"href":"https:\/\/www.ardiccadir.com.tr\/index.php\/wp-json\/wp\/v2\/pages\/48344","targetHints":{"allow":["GET"]}}],"collection":[{"href":"https:\/\/www.ardiccadir.com.tr\/index.php\/wp-json\/wp\/v2\/pages"}],"about":[{"href":"https:\/\/www.ardiccadir.com.tr\/index.php\/wp-json\/wp\/v2\/types\/page"}],"author":[{"embeddable":true,"href":"https:\/\/www.ardiccadir.com.tr\/index.php\/wp-json\/wp\/v2\/users\/1"}],"replies":[{"embeddable":true,"href":"https:\/\/www.ardiccadir.com.tr\/index.php\/wp-json\/wp\/v2\/comments?post=48344"}],"version-history":[{"count":16,"href":"https:\/\/www.ardiccadir.com.tr\/index.php\/wp-json\/wp\/v2\/pages\/48344\/revisions"}],"predecessor-version":[{"id":48903,"href":"https:\/\/www.ardiccadir.com.tr\/index.php\/wp-json\/wp\/v2\/pages\/48344\/revisions\/48903"}],"up":[{"embeddable":true,"href":"https:\/\/www.ardiccadir.com.tr\/index.php\/wp-json\/wp\/v2\/pages\/48340"}],"wp:attachment":[{"href":"https:\/\/www.ardiccadir.com.tr\/index.php\/wp-json\/wp\/v2\/media?parent=48344"}],"curies":[{"name":"wp","href":"https:\/\/api.w.org\/{rel}","templated":true}]}}