{"id":48338,"date":"2024-02-03T06:39:33","date_gmt":"2024-02-03T06:39:33","guid":{"rendered":"https:\/\/alfayazilim.com.tr\/sitecadir\/?page_id=48338"},"modified":"2026-03-01T09:33:42","modified_gmt":"2026-03-01T09:33:42","slug":"kurumsal","status":"publish","type":"page","link":"https:\/\/www.ardiccadir.com.tr\/index.php\/kurumsal\/","title":{"rendered":"KURUMSAL"},"content":{"rendered":"\t\t<div data-elementor-type=\"wp-page\" data-elementor-id=\"48338\" class=\"elementor elementor-48338\" data-elementor-post-type=\"page\">\n\t\t\t\t\t\t<section class=\"elementor-section elementor-top-section elementor-element elementor-element-248b483 elementor-section-stretched elementor-section-boxed elementor-section-height-default elementor-section-height-default tm-col-stretched-none tm-bg-color-over-image\" data-id=\"248b483\" data-element_type=\"section\" data-e-type=\"section\" data-settings=\"{&quot;stretch_section&quot;:&quot;section-stretched&quot;,&quot;background_background&quot;:&quot;classic&quot;}\">\n\t\t\t\t\t\t\t<div class=\"elementor-background-overlay\"><\/div>\n\t\t\t\t\t\t\t<div class=\"elementor-container elementor-column-gap-extended\">\n\t\t\t\t\t<div class=\"elementor-column elementor-col-33 elementor-top-column elementor-element elementor-element-dace7aa tm-bg-color-over-image\" data-id=\"dace7aa\" data-element_type=\"column\" data-e-type=\"column\">\n\t\t\t<div class=\"elementor-widget-wrap elementor-element-populated\">\n\t\t\t\t\t\t<div class=\"elementor-element elementor-element-f3c7d21 elementor-widget__width-initial elementor-absolute elementor-hidden-tablet elementor-hidden-mobile elementor-widget elementor-widget-tm-ele-funfact-counter\" data-id=\"f3c7d21\" data-element_type=\"widget\" data-e-type=\"widget\" data-settings=\"{&quot;_position&quot;:&quot;absolute&quot;}\" data-widget_type=\"tm-ele-funfact-counter.default\">\n\t\t\t\t<div class=\"elementor-widget-container\">\n\t\t\t\t\t<div class=\"tm-sc-funfact funfact-default  tm-animate-icon-on-hover animate-icon-rotate-y\">\r\n  <div class=\"funfact-inner\">\r\n    \r\n                  <h5 class=\"counter \">\r\n\t<span class=\"animate-number\" data-value=\"26\" data-animation-duration=\"1500\">0<\/span><\/h5>\r\n      \r\n              <div class=\"title-wrapper\">\r\n\r\n<h5 class=\"title \">Y\u0131ll\u0131k Tecr\u00fcbe<\/h5>\r\n<\/div>          \r\n      <\/div>\r\n<\/div>\t\t\t\t<\/div>\n\t\t\t\t<\/div>\n\t\t\t\t<div class=\"elementor-element elementor-element-c6e5e7d elementor-widget__width-auto elementor-absolute elementor-hidden-tablet elementor-hidden-mobile elementor-widget elementor-widget-image\" data-id=\"c6e5e7d\" data-element_type=\"widget\" data-e-type=\"widget\" data-settings=\"{&quot;_position&quot;:&quot;absolute&quot;}\" data-widget_type=\"image.default\">\n\t\t\t\t<div class=\"elementor-widget-container\">\n\t\t\t\t\t\t\t\t\t\t\t\t\t\t\t<img decoding=\"async\" width=\"279\" height=\"173\" src=\"https:\/\/www.ardiccadir.com.tr\/wp-content\/uploads\/2023\/01\/base.png\" class=\"attachment-large size-large wp-image-37183\" alt=\"\" \/>\t\t\t\t\t\t\t\t\t\t\t\t\t\t\t<\/div>\n\t\t\t\t<\/div>\n\t\t\t\t<div class=\"elementor-element elementor-element-52f94ec elementor-widget elementor-widget-tm-ele-animated-layers\" data-id=\"52f94ec\" data-element_type=\"widget\" data-e-type=\"widget\" data-widget_type=\"tm-ele-animated-layers.default\">\n\t\t\t\t<div class=\"elementor-widget-container\">\n\t\t\t\t\t\t\t<div class=\"tm-sc-animated-layer-advanced \">\r\n\t\t\t<div class=\"animated-layer-advanced-inner clearfix\">\r\n\t\r\n<div class=\"layer-image-wrapper layer-image  layer-image-fullwidth elementor-repeater-item-eff5c4d\" style=\"\">\r\n\t<div class=\"layer-inner layer-image  \">\r\n\t\t<div class=\"layer-image-inner-wrapper image-hover-effect-shine\">\r\n\t\t\t<img fetchpriority=\"high\" decoding=\"async\" class=\"\" src=\"https:\/\/www.ardiccadir.com.tr\/wp-content\/uploads\/2024\/02\/2029d811117d6d61d9d038ca55a25111-400x532.jpg\" width=\"400\" height=\"532\" alt=\"Image\">\r\n\t\t<\/div>\r\n\t<\/div>\r\n<\/div>\r\n\r\n<div class=\"layer-image-wrapper layer-image  elementor-repeater-item-ff88e24\" style=\"\">\r\n\t<div class=\"layer-inner layer-image  \">\r\n\t\t<div class=\"layer-image-inner-wrapper image-hover-effect-shine\">\r\n\t\t\t<img decoding=\"async\" class=\"\" src=\"https:\/\/www.ardiccadir.com.tr\/wp-content\/uploads\/2024\/02\/deprem002.jpg\" width=\"800\" height=\"589\" alt=\"Image\">\r\n\t\t<\/div>\r\n\t<\/div>\r\n<\/div>\r\n<div class=\"layer-image-wrapper  layer-blank  elementor-repeater-item-38144c5\" style=\"\">\r\n\t<div class=\"layer-inner\">\r\n\t<\/div>\r\n<\/div>\r\n\r\n<div class=\"layer-image-wrapper layer-image  layer-image-fullwidth elementor-repeater-item-4a7e9ea\" style=\"\">\r\n\t<div class=\"layer-inner layer-image  tm-animation-floating\">\r\n\t\t<div class=\"layer-image-inner-wrapper \">\r\n\t\t\t<img loading=\"lazy\" decoding=\"async\" class=\"\" src=\"https:\/\/www.ardiccadir.com.tr\/wp-content\/uploads\/2022\/12\/dots.png\" width=\"100\" height=\"185\" alt=\"Image\">\r\n\t\t<\/div>\r\n\t<\/div>\r\n<\/div>\r\n\t\t\t<\/div>\r\n\t\t\t<div class=\"clearfix\"><\/div>\r\n\t\t<\/div>\r\n\t\t\t\t\t<\/div>\n\t\t\t\t<\/div>\n\t\t\t\t\t<\/div>\n\t\t<\/div>\n\t\t\t\t<div class=\"elementor-column elementor-col-33 elementor-top-column elementor-element elementor-element-9448720 tm-bg-color-over-image\" data-id=\"9448720\" data-element_type=\"column\" data-e-type=\"column\">\n\t\t\t<div class=\"elementor-widget-wrap\">\n\t\t\t\t\t\t\t<\/div>\n\t\t<\/div>\n\t\t\t\t<div class=\"elementor-column elementor-col-33 elementor-top-column elementor-element elementor-element-3b48cdf tm-bg-color-over-image\" data-id=\"3b48cdf\" data-element_type=\"column\" data-e-type=\"column\">\n\t\t\t<div class=\"elementor-widget-wrap elementor-element-populated\">\n\t\t\t\t\t\t<div class=\"elementor-element elementor-element-546ceff horizontal-line-align-left vertical-line-align-bottom elementor-widget elementor-widget-tm-ele-section-title\" data-id=\"546ceff\" data-element_type=\"widget\" data-e-type=\"widget\" data-widget_type=\"tm-ele-section-title.default\">\n\t\t\t\t<div class=\"elementor-widget-container\">\n\t\t\t\t\t<div class=\"tm-sc-section-title section-title \">\r\n\t<div class=\"title-wrapper\">\r\n\t\t\t\t\t\t<h6 class=\"subtitle \">\r\n\r\n\t\t\r\n\t\tARDI\u00c7 \u00c7ADIR\t<\/h6>\r\n\t\t\t\t<h5 class=\"title \">\r\n\r\n\t\t\r\n\t\t\t\t<span class=\"title-part1 \">Proje ba\u015flang\u0131c\u0131ndan \u00fcr\u00fcnlerin teslim an\u0131na kadar takip ve sat\u0131\u015f sonras\u0131 hizmette m\u00fc\u015fteri menfaatlerini g\u00f6zetmeyi ilke edinmi\u015f bulunmaktay\u0131z.<\/span>\r\n\t\t\t\t\r\n\t\t\r\n\t<\/h5>\r\n\t<div class=\"title-seperator-line\"><\/div>\t\t\t\t\t\t<\/div>\r\n<\/div>\t\t\t\t<\/div>\n\t\t\t\t<\/div>\n\t\t\t\t<div class=\"elementor-element elementor-element-f734ff3 elementor-widget elementor-widget-tm-ele-text-editor\" data-id=\"f734ff3\" data-element_type=\"widget\" data-e-type=\"widget\" data-widget_type=\"tm-ele-text-editor.default\">\n\t\t\t\t<div class=\"elementor-widget-container\">\n\t\t\t\t\t\t\t<div class=\"tm-text-editor\">\r\n\t\t<p>Firmam\u0131z, bir \u00e7ok \u00f6nemli projelere imzas\u0131n\u0131 atm\u0131\u015ft\u0131r. Her g\u00fcn geli\u015fen bu sekt\u00f6r i\u00e7erisinde yerimizi korumakla kalmay\u0131p, her yeni bir g\u00fcn bir kademe daha y\u00fckselmekteyiz.<\/p><p>Kaliteli i\u015f, m\u00fc\u015fteri memnuniyeti ve s\u00fcrece \u00f6nem veren firmam\u0131z bunlar\u0131 ama\u00e7layarak i\u015finizi kaliteli, g\u00fcvenle ve s\u00fcresinde teslim eder.<\/p><p>Firmam\u0131z sizlere her alanda hizmet verebilmek, sizlerin iste\u011fini daha anla\u015f\u0131l\u0131r ve kolay hale getirmek i\u00e7in \u00f6l\u00e7\u00fcl\u00fc \u00e7ad\u0131rlar kolayl\u0131\u011f\u0131 ile alan\u0131n\u0131za en uygun \u00e7ad\u0131rlar\u0131 se\u00e7menize yard\u0131mc\u0131 oluyor.<\/p><p>\u0130\u015fletmemiz, kurulu\u015fundan itibaren d\u00fcnya standartlar\u0131nda \u00fcr\u00fcn yapmay\u0131 ilke edinmi\u015f ve bu do\u011frultuda alt yap\u0131s\u0131n\u0131 s\u00fcrekli geli\u015ftirmi\u015f, personelin \u00fcretimde kalite bilincini yerle\u015ftirmi\u015ftir.<\/p><p>\u0130\u015fletmemiz m\u00fc\u015fteri memnuniyetini birinci s\u0131raya al\u0131rken \u00fcst\u00fcn kalitede \u00fcr\u00fcnler elde etmek i\u00e7in gerekli olan alt yap\u0131y\u0131 da tesis etmi\u015ftir. Sekt\u00f6r\u00fcnde kendini yeterli bulmay\u0131p yeni teknolojileri takip ederek s\u00fcrekli \u00fcr\u00fcn yelpazesini geli\u015ftirmekte ve pazar pay\u0131n\u0131 da her ge\u00e7en g\u00fcn daha da artt\u0131rmaktad\u0131r<\/p>\t\t<\/div>\r\n\t\t\t\t\t<\/div>\n\t\t\t\t<\/div>\n\t\t\t\t\t<\/div>\n\t\t<\/div>\n\t\t\t\t\t<\/div>\n\t\t<\/section>\n\t\t\t\t<\/div>\n\t\t","protected":false},"excerpt":{"rendered":"<p>0 Y\u0131ll\u0131k Tecr\u00fcbe ARDI\u00c7 \u00c7ADIR Proje ba\u015flang\u0131c\u0131ndan \u00fcr\u00fcnlerin teslim an\u0131na kadar takip ve sat\u0131\u015f sonras\u0131 hizmette m\u00fc\u015fteri menfaatlerini g\u00f6zetmeyi ilke&#8230;<\/p>\n","protected":false},"author":1,"featured_media":0,"parent":0,"menu_order":0,"comment_status":"closed","ping_status":"closed","template":"","meta":{"footnotes":""},"class_list":["post-48338","page","type-page","status-publish","hentry"],"_links":{"self":[{"href":"https:\/\/www.ardiccadir.com.tr\/index.php\/wp-json\/wp\/v2\/pages\/48338","targetHints":{"allow":["GET"]}}],"collection":[{"href":"https:\/\/www.ardiccadir.com.tr\/index.php\/wp-json\/wp\/v2\/pages"}],"about":[{"href":"https:\/\/www.ardiccadir.com.tr\/index.php\/wp-json\/wp\/v2\/types\/page"}],"author":[{"embeddable":true,"href":"https:\/\/www.ardiccadir.com.tr\/index.php\/wp-json\/wp\/v2\/users\/1"}],"replies":[{"embeddable":true,"href":"https:\/\/www.ardiccadir.com.tr\/index.php\/wp-json\/wp\/v2\/comments?post=48338"}],"version-history":[{"count":7,"href":"https:\/\/www.ardiccadir.com.tr\/index.php\/wp-json\/wp\/v2\/pages\/48338\/revisions"}],"predecessor-version":[{"id":48809,"href":"https:\/\/www.ardiccadir.com.tr\/index.php\/wp-json\/wp\/v2\/pages\/48338\/revisions\/48809"}],"wp:attachment":[{"href":"https:\/\/www.ardiccadir.com.tr\/index.php\/wp-json\/wp\/v2\/media?parent=48338"}],"curies":[{"name":"wp","href":"https:\/\/api.w.org\/{rel}","templated":true}]}}